{"id":14,"date":"2015-09-30T16:39:43","date_gmt":"2015-09-30T15:39:43","guid":{"rendered":"http:\/\/infiny.1dconcept.com\/?page_id=14"},"modified":"2015-10-23T17:52:41","modified_gmt":"2015-10-23T16:52:41","slug":"bio","status":"publish","type":"page","link":"http:\/\/infiny.1dconcept.com\/index.php\/bio\/","title":{"rendered":"Bio"},"content":{"rendered":"<p>INFINY est un groupe de hip-hop compos\u00e9 de deux MCs percutants : Kof et Reaktaphore, et d&rsquo;un beatmaker talentueux : Will.<\/p>\n<p>Textes aff\u00fbt\u00e9s, th\u00e8mes ambitieux, le tout sur des beats audacieux, Infiny s&rsquo;est forg\u00e9 sa propre identit\u00e9 et prend \u00e0 contre pied les st\u00e9r\u00e9otypes v\u00e9hicul\u00e9s par les m\u00e9dias de masse.<\/p>\n<p>Venez d\u00e9couvrir notre univers !<\/p>\n","protected":false},"excerpt":{"rendered":"<p>INFINY est un groupe de hip-hop compos\u00e9 de deux MCs percutants : Kof et Reaktaphore, et d&rsquo;un beatmaker talentueux : Will. Textes aff\u00fbt\u00e9s, th\u00e8mes ambitieux, le tout sur des beats audacieux, Infiny s&rsquo;est forg\u00e9 sa propre identit\u00e9 et prend \u00e0 contre pied les st\u00e9r\u00e9otypes v\u00e9hicul\u00e9s par les m\u00e9dias de masse. Venez d\u00e9couvrir notre univers !<\/p>\n","protected":false},"author":1,"featured_media":11,"parent":0,"menu_order":0,"comment_status":"closed","ping_status":"closed","template":"","meta":{"footnotes":""},"class_list":["post-14","page","type-page","status-publish","has-post-thumbnail","hentry"],"_links":{"self":[{"href":"http:\/\/infiny.1dconcept.com\/index.php\/wp-json\/wp\/v2\/pages\/14","targetHints":{"allow":["GET"]}}],"collection":[{"href":"http:\/\/infiny.1dconcept.com\/index.php\/wp-json\/wp\/v2\/pages"}],"about":[{"href":"http:\/\/infiny.1dconcept.com\/index.php\/wp-json\/wp\/v2\/types\/page"}],"author":[{"embeddable":true,"href":"http:\/\/infiny.1dconcept.com\/index.php\/wp-json\/wp\/v2\/users\/1"}],"replies":[{"embeddable":true,"href":"http:\/\/infiny.1dconcept.com\/index.php\/wp-json\/wp\/v2\/comments?post=14"}],"version-history":[{"count":3,"href":"http:\/\/infiny.1dconcept.com\/index.php\/wp-json\/wp\/v2\/pages\/14\/revisions"}],"predecessor-version":[{"id":126,"href":"http:\/\/infiny.1dconcept.com\/index.php\/wp-json\/wp\/v2\/pages\/14\/revisions\/126"}],"wp:featuredmedia":[{"embeddable":true,"href":"http:\/\/infiny.1dconcept.com\/index.php\/wp-json\/wp\/v2\/media\/11"}],"wp:attachment":[{"href":"http:\/\/infiny.1dconcept.com\/index.php\/wp-json\/wp\/v2\/media?parent=14"}],"curies":[{"name":"wp","href":"https:\/\/api.w.org\/{rel}","templated":true}]}}